{"id":4139,"date":"2024-02-15T12:08:56","date_gmt":"2024-02-15T12:08:54","guid":{"rendered":"https:\/\/www.thebluerenaissance.earth\/?post_type=product&#038;p=4139"},"modified":"2024-02-15T12:11:22","modified_gmt":"2024-02-15T12:11:22","slug":"subscriptie-pachet-game-your-life-sunday-to-monday-7-300ml","status":"publish","type":"product","link":"https:\/\/www.thebluerenaissance.earth\/ro\/produs\/subscriptie-pachet-game-your-life-sunday-to-monday-7-300ml\/","title":{"rendered":"Pachet &#8211; Game Your Life &#8211; Sunday to Monday (7) \u2013 300ml"},"content":{"rendered":"<p>Experimenteaz\u0103 magia colec\u021biei \u201cGame Your Life\u201d. Fiecare zi \u00ee\u021bi aduce un amestec des\u0103v\u00e2r\u0219it de sucuri, concepute pentru a-\u021bi \u00eembun\u0103t\u0103\u021bi starea de bine, pentru a r\u0103spunde provoc\u0103rilor s\u0103pt\u0103m\u00e2nii \u0219i pentru a-\u021bi stimula mintea \u0219i corpul. \u00cencepe s\u0103pt\u0103m\u00e2na cu un amestec conceput pentru o putere de concentrare mai bun\u0103, continu\u00e2nd mar\u021bi cu un stimul pentru imunitate. La mijlocul s\u0103pt\u0103m\u00e2nii, Cordyceps-ul \u00ee\u021bi va da impulsul de care ai nevoie, urmat\u0103 de bog\u0103\u021bia detoxifiant\u0103 a Matcha Ceremonial joi. Vineri, un amestec infuzat cu nutrien\u021bi te preg\u0103te\u0219te pentru weekend. S\u00e2mb\u0103t\u0103, relaxeaz\u0103-te cu un mix antiinflamator, \u00een timp ce duminic\u0103 \u00ee\u021bi revigorezi pielea cu o combina\u021bie potent\u0103 de antioxidan\u021bi din Afine \u0219i Ghimbir.<\/p>\n<p>\u201cGame Your Life\u201d cuprinde o selec\u021bie atent\u0103 de sucuri, adaptat\u0103 nevoilor fiec\u0103rei zi ale s\u0103pt\u00e2m\u00e2nii tale. Bucur\u0103-te de o c\u0103l\u0103torie plin\u0103 de vitalitate, s\u0103n\u0103tate \u0219i energie \u0219i las\u0103 fiecare sticl\u0103 de suc s\u0103 scoat\u0103 la suprafa\u021b\u0103 cea mai bun\u0103 versiune a ta. Game on!<\/p>\n","protected":false},"excerpt":{"rendered":"<p>Experimenteaz\u0103 magia colec\u021biei \u201cGame Your Life\u201d. Fiecare zi \u00ee\u021bi aduce un amestec des\u0103v\u00e2r\u0219it de sucuri, concepute pentru a-\u021bi \u00eembun\u0103t\u0103\u021bi starea de bine, pentru a r\u0103spunde provoc\u0103rilor s\u0103pt\u0103m\u00e2nii \u0219i pentru a-\u021bi stimula mintea \u0219i corpul. \u00cencepe s\u0103pt\u0103m\u00e2na cu un amestec conceput pentru o putere de concentrare mai bun\u0103, continu\u00e2nd mar\u021bi cu un stimul pentru imunitate. La &hellip; <a href=\"https:\/\/www.thebluerenaissance.earth\/ro\/produs\/subscriptie-pachet-game-your-life-sunday-to-monday-7-300ml\/\">Continuare<\/a><\/p>\n","protected":false},"featured_media":3748,"template":"","meta":[],"product_cat":[111,109],"product_tag":[],"acf":[],"yoast_head":"<!-- This site is optimized with the Yoast SEO plugin v22.3 - https:\/\/yoast.com\/wordpress\/plugins\/seo\/ -->\n<title>Pachet - Game Your Life - Sunday to Monday (7) \u2013 300ml - The Blue Renaissance<\/title>\n<meta name=\"robots\" content=\"index, follow, max-snippet:-1, max-image-preview:large, max-video-preview:-1\" \/>\n<link rel=\"canonical\" href=\"https:\/\/www.thebluerenaissance.earth\/ro\/produs\/subscriptie-pachet-game-your-life-sunday-to-monday-7-300ml\/\" \/>\n<meta property=\"og:locale\" content=\"ro_RO\" \/>\n<meta property=\"og:type\" content=\"article\" \/>\n<meta property=\"og:title\" content=\"Pachet - Game Your Life - Sunday to Monday (7) \u2013 300ml - The Blue Renaissance\" \/>\n<meta property=\"og:description\" content=\"Experimenteaz\u0103 magia colec\u021biei \u201cGame Your Life\u201d. Fiecare zi \u00ee\u021bi aduce un amestec des\u0103v\u00e2r\u0219it de sucuri, concepute pentru a-\u021bi \u00eembun\u0103t\u0103\u021bi starea de bine, pentru a r\u0103spunde provoc\u0103rilor s\u0103pt\u0103m\u00e2nii \u0219i pentru a-\u021bi stimula mintea \u0219i corpul. \u00cencepe s\u0103pt\u0103m\u00e2na cu un amestec conceput pentru o putere de concentrare mai bun\u0103, continu\u00e2nd mar\u021bi cu un stimul pentru imunitate. La &hellip; Continuare\" \/>\n<meta property=\"og:url\" content=\"https:\/\/www.thebluerenaissance.earth\/ro\/produs\/subscriptie-pachet-game-your-life-sunday-to-monday-7-300ml\/\" \/>\n<meta property=\"og:site_name\" content=\"The Blue Renaissance\" \/>\n<meta property=\"article:publisher\" content=\"https:\/\/www.facebook.com\/thebluerenaissance\" \/>\n<meta property=\"article:modified_time\" content=\"2024-02-15T12:11:22+00:00\" \/>\n<meta property=\"og:image\" content=\"https:\/\/www.thebluerenaissance.earth\/wp-content\/uploads\/2023\/07\/Rectangle-1.png\" \/>\n\t<meta property=\"og:image:width\" content=\"1920\" \/>\n\t<meta property=\"og:image:height\" content=\"1592\" \/>\n\t<meta property=\"og:image:type\" content=\"image\/png\" \/>\n<meta name=\"twitter:card\" content=\"summary_large_image\" \/>\n<meta name=\"twitter:label1\" content=\"Timp estimat pentru citire\" \/>\n\t<meta name=\"twitter:data1\" content=\"6 minute\" \/>\n<script type=\"application\/ld+json\" class=\"yoast-schema-graph\">{\"@context\":\"https:\/\/schema.org\",\"@graph\":[{\"@type\":\"WebPage\",\"@id\":\"https:\/\/www.thebluerenaissance.earth\/ro\/produs\/subscriptie-pachet-game-your-life-sunday-to-monday-7-300ml\/\",\"url\":\"https:\/\/www.thebluerenaissance.earth\/ro\/produs\/subscriptie-pachet-game-your-life-sunday-to-monday-7-300ml\/\",\"name\":\"Pachet - Game Your Life - Sunday to Monday (7) \u2013 300ml - The Blue Renaissance\",\"isPartOf\":{\"@id\":\"https:\/\/www.thebluerenaissance.earth\/ro\/#website\"},\"primaryImageOfPage\":{\"@id\":\"https:\/\/www.thebluerenaissance.earth\/ro\/produs\/subscriptie-pachet-game-your-life-sunday-to-monday-7-300ml\/#primaryimage\"},\"image\":{\"@id\":\"https:\/\/www.thebluerenaissance.earth\/ro\/produs\/subscriptie-pachet-game-your-life-sunday-to-monday-7-300ml\/#primaryimage\"},\"thumbnailUrl\":\"https:\/\/www.thebluerenaissance.earth\/wp-content\/uploads\/2023\/07\/Rectangle-1.png\",\"datePublished\":\"2024-02-15T12:08:54+00:00\",\"dateModified\":\"2024-02-15T12:11:22+00:00\",\"breadcrumb\":{\"@id\":\"https:\/\/www.thebluerenaissance.earth\/ro\/produs\/subscriptie-pachet-game-your-life-sunday-to-monday-7-300ml\/#breadcrumb\"},\"inLanguage\":\"ro-RO\",\"potentialAction\":[{\"@type\":\"ReadAction\",\"target\":[\"https:\/\/www.thebluerenaissance.earth\/ro\/produs\/subscriptie-pachet-game-your-life-sunday-to-monday-7-300ml\/\"]}]},{\"@type\":\"ImageObject\",\"inLanguage\":\"ro-RO\",\"@id\":\"https:\/\/www.thebluerenaissance.earth\/ro\/produs\/subscriptie-pachet-game-your-life-sunday-to-monday-7-300ml\/#primaryimage\",\"url\":\"https:\/\/www.thebluerenaissance.earth\/wp-content\/uploads\/2023\/07\/Rectangle-1.png\",\"contentUrl\":\"https:\/\/www.thebluerenaissance.earth\/wp-content\/uploads\/2023\/07\/Rectangle-1.png\",\"width\":1920,\"height\":1592},{\"@type\":\"BreadcrumbList\",\"@id\":\"https:\/\/www.thebluerenaissance.earth\/ro\/produs\/subscriptie-pachet-game-your-life-sunday-to-monday-7-300ml\/#breadcrumb\",\"itemListElement\":[{\"@type\":\"ListItem\",\"position\":1,\"name\":\"Home\",\"item\":\"https:\/\/www.thebluerenaissance.earth\/ro\/\"},{\"@type\":\"ListItem\",\"position\":2,\"name\":\"Produse\",\"item\":\"https:\/\/www.thebluerenaissance.earth\/ro\/shop\/\"},{\"@type\":\"ListItem\",\"position\":3,\"name\":\"Pachet &#8211; Game Your Life &#8211; Sunday to Monday (7) \u2013 300ml\"}]},{\"@type\":\"WebSite\",\"@id\":\"https:\/\/www.thebluerenaissance.earth\/ro\/#website\",\"url\":\"https:\/\/www.thebluerenaissance.earth\/ro\/\",\"name\":\"The Blue Renaissance\",\"description\":\"100% Organic Blueberry Juice\",\"publisher\":{\"@id\":\"https:\/\/www.thebluerenaissance.earth\/ro\/#organization\"},\"inLanguage\":\"ro-RO\"},{\"@type\":\"Organization\",\"@id\":\"https:\/\/www.thebluerenaissance.earth\/ro\/#organization\",\"name\":\"The Blue Renaissance\",\"url\":\"https:\/\/www.thebluerenaissance.earth\/ro\/\",\"logo\":{\"@type\":\"ImageObject\",\"inLanguage\":\"ro-RO\",\"@id\":\"https:\/\/www.thebluerenaissance.earth\/ro\/#\/schema\/logo\/image\/\",\"url\":\"https:\/\/www.thebluerenaissance.earth\/wp-content\/uploads\/2023\/03\/logo-blue.svg\",\"contentUrl\":\"https:\/\/www.thebluerenaissance.earth\/wp-content\/uploads\/2023\/03\/logo-blue.svg\",\"width\":109,\"height\":118,\"caption\":\"The Blue Renaissance\"},\"image\":{\"@id\":\"https:\/\/www.thebluerenaissance.earth\/ro\/#\/schema\/logo\/image\/\"},\"sameAs\":[\"https:\/\/www.facebook.com\/thebluerenaissance\",\"https:\/\/www.instagram.com\/thebluerenaissance\/\"]}]}<\/script>\n<!-- \/ Yoast SEO plugin. -->","yoast_head_json":{"title":"Pachet - Game Your Life - Sunday to Monday (7) \u2013 300ml - The Blue Renaissance","robots":{"index":"index","follow":"follow","max-snippet":"max-snippet:-1","max-image-preview":"max-image-preview:large","max-video-preview":"max-video-preview:-1"},"canonical":"https:\/\/www.thebluerenaissance.earth\/ro\/produs\/subscriptie-pachet-game-your-life-sunday-to-monday-7-300ml\/","og_locale":"ro_RO","og_type":"article","og_title":"Pachet - Game Your Life - Sunday to Monday (7) \u2013 300ml - The Blue Renaissance","og_description":"Experimenteaz\u0103 magia colec\u021biei \u201cGame Your Life\u201d. Fiecare zi \u00ee\u021bi aduce un amestec des\u0103v\u00e2r\u0219it de sucuri, concepute pentru a-\u021bi \u00eembun\u0103t\u0103\u021bi starea de bine, pentru a r\u0103spunde provoc\u0103rilor s\u0103pt\u0103m\u00e2nii \u0219i pentru a-\u021bi stimula mintea \u0219i corpul. \u00cencepe s\u0103pt\u0103m\u00e2na cu un amestec conceput pentru o putere de concentrare mai bun\u0103, continu\u00e2nd mar\u021bi cu un stimul pentru imunitate. La &hellip; Continuare","og_url":"https:\/\/www.thebluerenaissance.earth\/ro\/produs\/subscriptie-pachet-game-your-life-sunday-to-monday-7-300ml\/","og_site_name":"The Blue Renaissance","article_publisher":"https:\/\/www.facebook.com\/thebluerenaissance","article_modified_time":"2024-02-15T12:11:22+00:00","og_image":[{"width":1920,"height":1592,"url":"https:\/\/www.thebluerenaissance.earth\/wp-content\/uploads\/2023\/07\/Rectangle-1.png","type":"image\/png"}],"twitter_card":"summary_large_image","twitter_misc":{"Timp estimat pentru citire":"6 minute"},"schema":{"@context":"https:\/\/schema.org","@graph":[{"@type":"WebPage","@id":"https:\/\/www.thebluerenaissance.earth\/ro\/produs\/subscriptie-pachet-game-your-life-sunday-to-monday-7-300ml\/","url":"https:\/\/www.thebluerenaissance.earth\/ro\/produs\/subscriptie-pachet-game-your-life-sunday-to-monday-7-300ml\/","name":"Pachet - Game Your Life - Sunday to Monday (7) \u2013 300ml - The Blue Renaissance","isPartOf":{"@id":"https:\/\/www.thebluerenaissance.earth\/ro\/#website"},"primaryImageOfPage":{"@id":"https:\/\/www.thebluerenaissance.earth\/ro\/produs\/subscriptie-pachet-game-your-life-sunday-to-monday-7-300ml\/#primaryimage"},"image":{"@id":"https:\/\/www.thebluerenaissance.earth\/ro\/produs\/subscriptie-pachet-game-your-life-sunday-to-monday-7-300ml\/#primaryimage"},"thumbnailUrl":"https:\/\/www.thebluerenaissance.earth\/wp-content\/uploads\/2023\/07\/Rectangle-1.png","datePublished":"2024-02-15T12:08:54+00:00","dateModified":"2024-02-15T12:11:22+00:00","breadcrumb":{"@id":"https:\/\/www.thebluerenaissance.earth\/ro\/produs\/subscriptie-pachet-game-your-life-sunday-to-monday-7-300ml\/#breadcrumb"},"inLanguage":"ro-RO","potentialAction":[{"@type":"ReadAction","target":["https:\/\/www.thebluerenaissance.earth\/ro\/produs\/subscriptie-pachet-game-your-life-sunday-to-monday-7-300ml\/"]}]},{"@type":"ImageObject","inLanguage":"ro-RO","@id":"https:\/\/www.thebluerenaissance.earth\/ro\/produs\/subscriptie-pachet-game-your-life-sunday-to-monday-7-300ml\/#primaryimage","url":"https:\/\/www.thebluerenaissance.earth\/wp-content\/uploads\/2023\/07\/Rectangle-1.png","contentUrl":"https:\/\/www.thebluerenaissance.earth\/wp-content\/uploads\/2023\/07\/Rectangle-1.png","width":1920,"height":1592},{"@type":"BreadcrumbList","@id":"https:\/\/www.thebluerenaissance.earth\/ro\/produs\/subscriptie-pachet-game-your-life-sunday-to-monday-7-300ml\/#breadcrumb","itemListElement":[{"@type":"ListItem","position":1,"name":"Home","item":"https:\/\/www.thebluerenaissance.earth\/ro\/"},{"@type":"ListItem","position":2,"name":"Produse","item":"https:\/\/www.thebluerenaissance.earth\/ro\/shop\/"},{"@type":"ListItem","position":3,"name":"Pachet &#8211; Game Your Life &#8211; Sunday to Monday (7) \u2013 300ml"}]},{"@type":"WebSite","@id":"https:\/\/www.thebluerenaissance.earth\/ro\/#website","url":"https:\/\/www.thebluerenaissance.earth\/ro\/","name":"The Blue Renaissance","description":"100% Organic Blueberry Juice","publisher":{"@id":"https:\/\/www.thebluerenaissance.earth\/ro\/#organization"},"inLanguage":"ro-RO"},{"@type":"Organization","@id":"https:\/\/www.thebluerenaissance.earth\/ro\/#organization","name":"The Blue Renaissance","url":"https:\/\/www.thebluerenaissance.earth\/ro\/","logo":{"@type":"ImageObject","inLanguage":"ro-RO","@id":"https:\/\/www.thebluerenaissance.earth\/ro\/#\/schema\/logo\/image\/","url":"https:\/\/www.thebluerenaissance.earth\/wp-content\/uploads\/2023\/03\/logo-blue.svg","contentUrl":"https:\/\/www.thebluerenaissance.earth\/wp-content\/uploads\/2023\/03\/logo-blue.svg","width":109,"height":118,"caption":"The Blue Renaissance"},"image":{"@id":"https:\/\/www.thebluerenaissance.earth\/ro\/#\/schema\/logo\/image\/"},"sameAs":["https:\/\/www.facebook.com\/thebluerenaissance","https:\/\/www.instagram.com\/thebluerenaissance\/"]}]}},"_links":{"self":[{"href":"https:\/\/www.thebluerenaissance.earth\/ro\/wp-json\/wp\/v2\/product\/4139"}],"collection":[{"href":"https:\/\/www.thebluerenaissance.earth\/ro\/wp-json\/wp\/v2\/product"}],"about":[{"href":"https:\/\/www.thebluerenaissance.earth\/ro\/wp-json\/wp\/v2\/types\/product"}],"wp:featuredmedia":[{"embeddable":true,"href":"https:\/\/www.thebluerenaissance.earth\/ro\/wp-json\/wp\/v2\/media\/3748"}],"wp:attachment":[{"href":"https:\/\/www.thebluerenaissance.earth\/ro\/wp-json\/wp\/v2\/media?parent=4139"}],"wp:term":[{"taxonomy":"product_cat","embeddable":true,"href":"https:\/\/www.thebluerenaissance.earth\/ro\/wp-json\/wp\/v2\/product_cat?post=4139"},{"taxonomy":"product_tag","embeddable":true,"href":"https:\/\/www.thebluerenaissance.earth\/ro\/wp-json\/wp\/v2\/product_tag?post=4139"}],"curies":[{"name":"wp","href":"https:\/\/api.w.org\/{rel}","templated":true}]}}