{"id":4117,"date":"2024-02-15T12:04:35","date_gmt":"2024-02-15T12:04:35","guid":{"rendered":"https:\/\/www.thebluerenaissance.earth\/?post_type=product&#038;p=4117"},"modified":"2024-02-15T13:00:21","modified_gmt":"2024-02-15T13:00:21","slug":"subscriptie-pachet-suc-de-afine-x-capsuni-100-certificat-organic-300ml","status":"publish","type":"product","link":"https:\/\/www.thebluerenaissance.earth\/ro\/produs\/subscriptie-pachet-suc-de-afine-x-capsuni-100-certificat-organic-300ml\/","title":{"rendered":"Pachet &#8211; Suc De Afine X Capsuni 100% Certificat Organic &#8211; 300ml"},"content":{"rendered":"<p>Savura\u021bi un amestec delicios de afine Coville \u0219i Blue-Ray organice, culese manual, \u0219i c\u0103p\u0219uni organice suculente pentru a crea un litru de suc divin. Metoda noastr\u0103 de presare la rece \u0219i lent\u0103 asigur\u0103 p\u0103strarea valorii nutri\u021bionale, iar procesul nostru bl\u00e2nd de pasteurizare men\u021bine aromele proaspete \u0219i vibrante. Ad\u0103ug\u0103m doar esen\u021ba pur\u0103 a acestor dou\u0103 fructe tentante &#8211; nici m\u0103car un strop de ap\u0103!<\/p>\n","protected":false},"excerpt":{"rendered":"<p>Savura\u021bi un amestec delicios de afine Coville \u0219i Blue-Ray organice, culese manual, \u0219i c\u0103p\u0219uni organice suculente pentru a crea un litru de suc divin. Metoda noastr\u0103 de presare la rece \u0219i lent\u0103 asigur\u0103 p\u0103strarea valorii nutri\u021bionale, iar procesul nostru bl\u00e2nd de pasteurizare men\u021bine aromele proaspete \u0219i vibrante. Ad\u0103ug\u0103m doar esen\u021ba pur\u0103 a acestor dou\u0103 fructe &hellip; <a href=\"https:\/\/www.thebluerenaissance.earth\/ro\/produs\/subscriptie-pachet-suc-de-afine-x-capsuni-100-certificat-organic-300ml\/\">Continuare<\/a><\/p>\n","protected":false},"featured_media":3809,"template":"","meta":[],"product_cat":[109],"product_tag":[],"acf":[],"yoast_head":"<!-- This site is optimized with the Yoast SEO plugin v22.3 - https:\/\/yoast.com\/wordpress\/plugins\/seo\/ -->\n<title>Pachet - Suc De Afine X Capsuni 100% Certificat Organic - 300ml - The Blue Renaissance<\/title>\n<meta name=\"robots\" content=\"index, follow, max-snippet:-1, max-image-preview:large, max-video-preview:-1\" \/>\n<link rel=\"canonical\" href=\"https:\/\/www.thebluerenaissance.earth\/ro\/produs\/subscriptie-pachet-suc-de-afine-x-capsuni-100-certificat-organic-300ml\/\" \/>\n<meta property=\"og:locale\" content=\"ro_RO\" \/>\n<meta property=\"og:type\" content=\"article\" \/>\n<meta property=\"og:title\" content=\"Pachet - Suc De Afine X Capsuni 100% Certificat Organic - 300ml - The Blue Renaissance\" \/>\n<meta property=\"og:description\" content=\"Savura\u021bi un amestec delicios de afine Coville \u0219i Blue-Ray organice, culese manual, \u0219i c\u0103p\u0219uni organice suculente pentru a crea un litru de suc divin. Metoda noastr\u0103 de presare la rece \u0219i lent\u0103 asigur\u0103 p\u0103strarea valorii nutri\u021bionale, iar procesul nostru bl\u00e2nd de pasteurizare men\u021bine aromele proaspete \u0219i vibrante. Ad\u0103ug\u0103m doar esen\u021ba pur\u0103 a acestor dou\u0103 fructe &hellip; Continuare\" \/>\n<meta property=\"og:url\" content=\"https:\/\/www.thebluerenaissance.earth\/ro\/produs\/subscriptie-pachet-suc-de-afine-x-capsuni-100-certificat-organic-300ml\/\" \/>\n<meta property=\"og:site_name\" content=\"The Blue Renaissance\" \/>\n<meta property=\"article:publisher\" content=\"https:\/\/www.facebook.com\/thebluerenaissance\" \/>\n<meta property=\"article:modified_time\" content=\"2024-02-15T13:00:21+00:00\" \/>\n<meta property=\"og:image\" content=\"https:\/\/www.thebluerenaissance.earth\/wp-content\/uploads\/2023\/04\/Rectangle-1Strawberry-1024x849.png\" \/>\n\t<meta property=\"og:image:width\" content=\"1024\" \/>\n\t<meta property=\"og:image:height\" content=\"849\" \/>\n\t<meta property=\"og:image:type\" content=\"image\/png\" \/>\n<meta name=\"twitter:card\" content=\"summary_large_image\" \/>\n<meta name=\"twitter:label1\" content=\"Timp estimat pentru citire\" \/>\n\t<meta name=\"twitter:data1\" content=\"2 minute\" \/>\n<script type=\"application\/ld+json\" class=\"yoast-schema-graph\">{\"@context\":\"https:\/\/schema.org\",\"@graph\":[{\"@type\":\"WebPage\",\"@id\":\"https:\/\/www.thebluerenaissance.earth\/ro\/produs\/subscriptie-pachet-suc-de-afine-x-capsuni-100-certificat-organic-300ml\/\",\"url\":\"https:\/\/www.thebluerenaissance.earth\/ro\/produs\/subscriptie-pachet-suc-de-afine-x-capsuni-100-certificat-organic-300ml\/\",\"name\":\"Pachet - Suc De Afine X Capsuni 100% Certificat Organic - 300ml - The Blue Renaissance\",\"isPartOf\":{\"@id\":\"https:\/\/www.thebluerenaissance.earth\/ro\/#website\"},\"primaryImageOfPage\":{\"@id\":\"https:\/\/www.thebluerenaissance.earth\/ro\/produs\/subscriptie-pachet-suc-de-afine-x-capsuni-100-certificat-organic-300ml\/#primaryimage\"},\"image\":{\"@id\":\"https:\/\/www.thebluerenaissance.earth\/ro\/produs\/subscriptie-pachet-suc-de-afine-x-capsuni-100-certificat-organic-300ml\/#primaryimage\"},\"thumbnailUrl\":\"https:\/\/www.thebluerenaissance.earth\/wp-content\/uploads\/2023\/04\/Rectangle-1Strawberry.png\",\"datePublished\":\"2024-02-15T12:04:35+00:00\",\"dateModified\":\"2024-02-15T13:00:21+00:00\",\"breadcrumb\":{\"@id\":\"https:\/\/www.thebluerenaissance.earth\/ro\/produs\/subscriptie-pachet-suc-de-afine-x-capsuni-100-certificat-organic-300ml\/#breadcrumb\"},\"inLanguage\":\"ro-RO\",\"potentialAction\":[{\"@type\":\"ReadAction\",\"target\":[\"https:\/\/www.thebluerenaissance.earth\/ro\/produs\/subscriptie-pachet-suc-de-afine-x-capsuni-100-certificat-organic-300ml\/\"]}]},{\"@type\":\"ImageObject\",\"inLanguage\":\"ro-RO\",\"@id\":\"https:\/\/www.thebluerenaissance.earth\/ro\/produs\/subscriptie-pachet-suc-de-afine-x-capsuni-100-certificat-organic-300ml\/#primaryimage\",\"url\":\"https:\/\/www.thebluerenaissance.earth\/wp-content\/uploads\/2023\/04\/Rectangle-1Strawberry.png\",\"contentUrl\":\"https:\/\/www.thebluerenaissance.earth\/wp-content\/uploads\/2023\/04\/Rectangle-1Strawberry.png\",\"width\":1920,\"height\":1592},{\"@type\":\"BreadcrumbList\",\"@id\":\"https:\/\/www.thebluerenaissance.earth\/ro\/produs\/subscriptie-pachet-suc-de-afine-x-capsuni-100-certificat-organic-300ml\/#breadcrumb\",\"itemListElement\":[{\"@type\":\"ListItem\",\"position\":1,\"name\":\"Home\",\"item\":\"https:\/\/www.thebluerenaissance.earth\/ro\/\"},{\"@type\":\"ListItem\",\"position\":2,\"name\":\"Produse\",\"item\":\"https:\/\/www.thebluerenaissance.earth\/ro\/shop\/\"},{\"@type\":\"ListItem\",\"position\":3,\"name\":\"Pachet &#8211; Suc De Afine X Capsuni 100% Certificat Organic &#8211; 300ml\"}]},{\"@type\":\"WebSite\",\"@id\":\"https:\/\/www.thebluerenaissance.earth\/ro\/#website\",\"url\":\"https:\/\/www.thebluerenaissance.earth\/ro\/\",\"name\":\"The Blue Renaissance\",\"description\":\"100% Organic Blueberry Juice\",\"publisher\":{\"@id\":\"https:\/\/www.thebluerenaissance.earth\/ro\/#organization\"},\"inLanguage\":\"ro-RO\"},{\"@type\":\"Organization\",\"@id\":\"https:\/\/www.thebluerenaissance.earth\/ro\/#organization\",\"name\":\"The Blue Renaissance\",\"url\":\"https:\/\/www.thebluerenaissance.earth\/ro\/\",\"logo\":{\"@type\":\"ImageObject\",\"inLanguage\":\"ro-RO\",\"@id\":\"https:\/\/www.thebluerenaissance.earth\/ro\/#\/schema\/logo\/image\/\",\"url\":\"https:\/\/www.thebluerenaissance.earth\/wp-content\/uploads\/2023\/03\/logo-blue.svg\",\"contentUrl\":\"https:\/\/www.thebluerenaissance.earth\/wp-content\/uploads\/2023\/03\/logo-blue.svg\",\"width\":109,\"height\":118,\"caption\":\"The Blue Renaissance\"},\"image\":{\"@id\":\"https:\/\/www.thebluerenaissance.earth\/ro\/#\/schema\/logo\/image\/\"},\"sameAs\":[\"https:\/\/www.facebook.com\/thebluerenaissance\",\"https:\/\/www.instagram.com\/thebluerenaissance\/\"]}]}<\/script>\n<!-- \/ Yoast SEO plugin. -->","yoast_head_json":{"title":"Pachet - Suc De Afine X Capsuni 100% Certificat Organic - 300ml - The Blue Renaissance","robots":{"index":"index","follow":"follow","max-snippet":"max-snippet:-1","max-image-preview":"max-image-preview:large","max-video-preview":"max-video-preview:-1"},"canonical":"https:\/\/www.thebluerenaissance.earth\/ro\/produs\/subscriptie-pachet-suc-de-afine-x-capsuni-100-certificat-organic-300ml\/","og_locale":"ro_RO","og_type":"article","og_title":"Pachet - Suc De Afine X Capsuni 100% Certificat Organic - 300ml - The Blue Renaissance","og_description":"Savura\u021bi un amestec delicios de afine Coville \u0219i Blue-Ray organice, culese manual, \u0219i c\u0103p\u0219uni organice suculente pentru a crea un litru de suc divin. Metoda noastr\u0103 de presare la rece \u0219i lent\u0103 asigur\u0103 p\u0103strarea valorii nutri\u021bionale, iar procesul nostru bl\u00e2nd de pasteurizare men\u021bine aromele proaspete \u0219i vibrante. Ad\u0103ug\u0103m doar esen\u021ba pur\u0103 a acestor dou\u0103 fructe &hellip; Continuare","og_url":"https:\/\/www.thebluerenaissance.earth\/ro\/produs\/subscriptie-pachet-suc-de-afine-x-capsuni-100-certificat-organic-300ml\/","og_site_name":"The Blue Renaissance","article_publisher":"https:\/\/www.facebook.com\/thebluerenaissance","article_modified_time":"2024-02-15T13:00:21+00:00","og_image":[{"width":1024,"height":849,"url":"https:\/\/www.thebluerenaissance.earth\/wp-content\/uploads\/2023\/04\/Rectangle-1Strawberry-1024x849.png","type":"image\/png"}],"twitter_card":"summary_large_image","twitter_misc":{"Timp estimat pentru citire":"2 minute"},"schema":{"@context":"https:\/\/schema.org","@graph":[{"@type":"WebPage","@id":"https:\/\/www.thebluerenaissance.earth\/ro\/produs\/subscriptie-pachet-suc-de-afine-x-capsuni-100-certificat-organic-300ml\/","url":"https:\/\/www.thebluerenaissance.earth\/ro\/produs\/subscriptie-pachet-suc-de-afine-x-capsuni-100-certificat-organic-300ml\/","name":"Pachet - Suc De Afine X Capsuni 100% Certificat Organic - 300ml - The Blue Renaissance","isPartOf":{"@id":"https:\/\/www.thebluerenaissance.earth\/ro\/#website"},"primaryImageOfPage":{"@id":"https:\/\/www.thebluerenaissance.earth\/ro\/produs\/subscriptie-pachet-suc-de-afine-x-capsuni-100-certificat-organic-300ml\/#primaryimage"},"image":{"@id":"https:\/\/www.thebluerenaissance.earth\/ro\/produs\/subscriptie-pachet-suc-de-afine-x-capsuni-100-certificat-organic-300ml\/#primaryimage"},"thumbnailUrl":"https:\/\/www.thebluerenaissance.earth\/wp-content\/uploads\/2023\/04\/Rectangle-1Strawberry.png","datePublished":"2024-02-15T12:04:35+00:00","dateModified":"2024-02-15T13:00:21+00:00","breadcrumb":{"@id":"https:\/\/www.thebluerenaissance.earth\/ro\/produs\/subscriptie-pachet-suc-de-afine-x-capsuni-100-certificat-organic-300ml\/#breadcrumb"},"inLanguage":"ro-RO","potentialAction":[{"@type":"ReadAction","target":["https:\/\/www.thebluerenaissance.earth\/ro\/produs\/subscriptie-pachet-suc-de-afine-x-capsuni-100-certificat-organic-300ml\/"]}]},{"@type":"ImageObject","inLanguage":"ro-RO","@id":"https:\/\/www.thebluerenaissance.earth\/ro\/produs\/subscriptie-pachet-suc-de-afine-x-capsuni-100-certificat-organic-300ml\/#primaryimage","url":"https:\/\/www.thebluerenaissance.earth\/wp-content\/uploads\/2023\/04\/Rectangle-1Strawberry.png","contentUrl":"https:\/\/www.thebluerenaissance.earth\/wp-content\/uploads\/2023\/04\/Rectangle-1Strawberry.png","width":1920,"height":1592},{"@type":"BreadcrumbList","@id":"https:\/\/www.thebluerenaissance.earth\/ro\/produs\/subscriptie-pachet-suc-de-afine-x-capsuni-100-certificat-organic-300ml\/#breadcrumb","itemListElement":[{"@type":"ListItem","position":1,"name":"Home","item":"https:\/\/www.thebluerenaissance.earth\/ro\/"},{"@type":"ListItem","position":2,"name":"Produse","item":"https:\/\/www.thebluerenaissance.earth\/ro\/shop\/"},{"@type":"ListItem","position":3,"name":"Pachet &#8211; Suc De Afine X Capsuni 100% Certificat Organic &#8211; 300ml"}]},{"@type":"WebSite","@id":"https:\/\/www.thebluerenaissance.earth\/ro\/#website","url":"https:\/\/www.thebluerenaissance.earth\/ro\/","name":"The Blue Renaissance","description":"100% Organic Blueberry Juice","publisher":{"@id":"https:\/\/www.thebluerenaissance.earth\/ro\/#organization"},"inLanguage":"ro-RO"},{"@type":"Organization","@id":"https:\/\/www.thebluerenaissance.earth\/ro\/#organization","name":"The Blue Renaissance","url":"https:\/\/www.thebluerenaissance.earth\/ro\/","logo":{"@type":"ImageObject","inLanguage":"ro-RO","@id":"https:\/\/www.thebluerenaissance.earth\/ro\/#\/schema\/logo\/image\/","url":"https:\/\/www.thebluerenaissance.earth\/wp-content\/uploads\/2023\/03\/logo-blue.svg","contentUrl":"https:\/\/www.thebluerenaissance.earth\/wp-content\/uploads\/2023\/03\/logo-blue.svg","width":109,"height":118,"caption":"The Blue Renaissance"},"image":{"@id":"https:\/\/www.thebluerenaissance.earth\/ro\/#\/schema\/logo\/image\/"},"sameAs":["https:\/\/www.facebook.com\/thebluerenaissance","https:\/\/www.instagram.com\/thebluerenaissance\/"]}]}},"_links":{"self":[{"href":"https:\/\/www.thebluerenaissance.earth\/ro\/wp-json\/wp\/v2\/product\/4117"}],"collection":[{"href":"https:\/\/www.thebluerenaissance.earth\/ro\/wp-json\/wp\/v2\/product"}],"about":[{"href":"https:\/\/www.thebluerenaissance.earth\/ro\/wp-json\/wp\/v2\/types\/product"}],"wp:featuredmedia":[{"embeddable":true,"href":"https:\/\/www.thebluerenaissance.earth\/ro\/wp-json\/wp\/v2\/media\/3809"}],"wp:attachment":[{"href":"https:\/\/www.thebluerenaissance.earth\/ro\/wp-json\/wp\/v2\/media?parent=4117"}],"wp:term":[{"taxonomy":"product_cat","embeddable":true,"href":"https:\/\/www.thebluerenaissance.earth\/ro\/wp-json\/wp\/v2\/product_cat?post=4117"},{"taxonomy":"product_tag","embeddable":true,"href":"https:\/\/www.thebluerenaissance.earth\/ro\/wp-json\/wp\/v2\/product_tag?post=4117"}],"curies":[{"name":"wp","href":"https:\/\/api.w.org\/{rel}","templated":true}]}}