{"id":353,"date":"2021-06-19T01:26:31","date_gmt":"2021-06-19T01:26:31","guid":{"rendered":"https:\/\/new.dealulcuafine.ro\/?post_type=product&#038;p=353"},"modified":"2023-11-07T16:36:53","modified_gmt":"2023-11-07T16:36:53","slug":"100-afine-deshidratate-certificate-organic","status":"publish","type":"product","link":"https:\/\/www.thebluerenaissance.earth\/ro\/produs\/100-afine-deshidratate-certificate-organic\/","title":{"rendered":"100% Afine Deshidratate Certificate Organic &#8211; 100g"},"content":{"rendered":"<p>Lu\u0103m afine \u00eentregi &#8211; Coville si Blue-Jay, le proces\u0103m lent timp de 48 de ore pentru a p\u0103stra calit\u0103\u021bile nutritive \u0219i gustul delicios.<\/p>\n<p>Sunt gustarea ideal\u0103, indiferent de activitate &#8211; la birou, dup\u0103 alergare, sau atunci c\u00e2nd leneve\u0219ti prin cas\u0103.<\/p>\n","protected":false},"excerpt":{"rendered":"<p>Lu\u0103m afine \u00eentregi &#8211; Coville si Blue-Jay, le proces\u0103m lent timp de 48 de ore pentru a p\u0103stra calit\u0103\u021bile nutritive \u0219i gustul delicios. Sunt gustarea ideal\u0103, indiferent de activitate &#8211; la birou, dup\u0103 alergare, sau atunci c\u00e2nd leneve\u0219ti prin cas\u0103.<\/p>\n","protected":false},"featured_media":3177,"template":"","meta":[],"product_cat":[109],"product_tag":[],"acf":[],"yoast_head":"<!-- This site is optimized with the Yoast SEO plugin v22.3 - https:\/\/yoast.com\/wordpress\/plugins\/seo\/ -->\n<title>100% Afine Deshidratate Certificate Organic - 100g - The Blue Renaissance<\/title>\n<meta name=\"description\" content=\"Lu\u0103m afine \u00eentregi - Coville si Blue-Jay, le proces\u0103m lent timp de 48 de ore pentru a p\u0103stra calit\u0103\u021bile nutritive \u0219i gustul delicios.\" \/>\n<meta name=\"robots\" content=\"index, follow, max-snippet:-1, max-image-preview:large, max-video-preview:-1\" \/>\n<link rel=\"canonical\" href=\"https:\/\/www.thebluerenaissance.earth\/ro\/produs\/100-afine-deshidratate-certificate-organic\/\" \/>\n<meta property=\"og:locale\" content=\"ro_RO\" \/>\n<meta property=\"og:type\" content=\"article\" \/>\n<meta property=\"og:title\" content=\"100% Afine Deshidratate Certificate Organic - 100g - The Blue Renaissance\" \/>\n<meta property=\"og:description\" content=\"Lu\u0103m afine \u00eentregi - Coville si Blue-Jay, le proces\u0103m lent timp de 48 de ore pentru a p\u0103stra calit\u0103\u021bile nutritive \u0219i gustul delicios.\" \/>\n<meta property=\"og:url\" content=\"https:\/\/www.thebluerenaissance.earth\/ro\/produs\/100-afine-deshidratate-certificate-organic\/\" \/>\n<meta property=\"og:site_name\" content=\"The Blue Renaissance\" \/>\n<meta property=\"article:publisher\" content=\"https:\/\/www.facebook.com\/thebluerenaissance\" \/>\n<meta property=\"article:modified_time\" content=\"2023-11-07T16:36:53+00:00\" \/>\n<meta property=\"og:image\" content=\"https:\/\/www.thebluerenaissance.earth\/wp-content\/uploads\/2021\/06\/Dehydrated-mock-up-white-background--1024x754.png\" \/>\n\t<meta property=\"og:image:width\" content=\"1024\" \/>\n\t<meta property=\"og:image:height\" content=\"754\" \/>\n\t<meta property=\"og:image:type\" content=\"image\/png\" \/>\n<meta name=\"twitter:card\" content=\"summary_large_image\" \/>\n<meta name=\"twitter:label1\" content=\"Timp estimat pentru citire\" \/>\n\t<meta name=\"twitter:data1\" content=\"1 minut\" \/>\n<script type=\"application\/ld+json\" class=\"yoast-schema-graph\">{\"@context\":\"https:\/\/schema.org\",\"@graph\":[{\"@type\":\"WebPage\",\"@id\":\"https:\/\/www.thebluerenaissance.earth\/ro\/produs\/100-afine-deshidratate-certificate-organic\/\",\"url\":\"https:\/\/www.thebluerenaissance.earth\/ro\/produs\/100-afine-deshidratate-certificate-organic\/\",\"name\":\"100% Afine Deshidratate Certificate Organic - 100g - The Blue Renaissance\",\"isPartOf\":{\"@id\":\"https:\/\/www.thebluerenaissance.earth\/ro\/#website\"},\"primaryImageOfPage\":{\"@id\":\"https:\/\/www.thebluerenaissance.earth\/ro\/produs\/100-afine-deshidratate-certificate-organic\/#primaryimage\"},\"image\":{\"@id\":\"https:\/\/www.thebluerenaissance.earth\/ro\/produs\/100-afine-deshidratate-certificate-organic\/#primaryimage\"},\"thumbnailUrl\":\"https:\/\/www.thebluerenaissance.earth\/wp-content\/uploads\/2021\/06\/Dehydrated-mock-up-white-background-.jpg\",\"datePublished\":\"2021-06-19T01:26:31+00:00\",\"dateModified\":\"2023-11-07T16:36:53+00:00\",\"description\":\"Lu\u0103m afine \u00eentregi - Coville si Blue-Jay, le proces\u0103m lent timp de 48 de ore pentru a p\u0103stra calit\u0103\u021bile nutritive \u0219i gustul delicios.\",\"breadcrumb\":{\"@id\":\"https:\/\/www.thebluerenaissance.earth\/ro\/produs\/100-afine-deshidratate-certificate-organic\/#breadcrumb\"},\"inLanguage\":\"ro-RO\",\"potentialAction\":[{\"@type\":\"ReadAction\",\"target\":[\"https:\/\/www.thebluerenaissance.earth\/ro\/produs\/100-afine-deshidratate-certificate-organic\/\"]}]},{\"@type\":\"ImageObject\",\"inLanguage\":\"ro-RO\",\"@id\":\"https:\/\/www.thebluerenaissance.earth\/ro\/produs\/100-afine-deshidratate-certificate-organic\/#primaryimage\",\"url\":\"https:\/\/www.thebluerenaissance.earth\/wp-content\/uploads\/2021\/06\/Dehydrated-mock-up-white-background-.jpg\",\"contentUrl\":\"https:\/\/www.thebluerenaissance.earth\/wp-content\/uploads\/2021\/06\/Dehydrated-mock-up-white-background-.jpg\",\"width\":1898,\"height\":1398},{\"@type\":\"BreadcrumbList\",\"@id\":\"https:\/\/www.thebluerenaissance.earth\/ro\/produs\/100-afine-deshidratate-certificate-organic\/#breadcrumb\",\"itemListElement\":[{\"@type\":\"ListItem\",\"position\":1,\"name\":\"Home\",\"item\":\"https:\/\/www.thebluerenaissance.earth\/ro\/\"},{\"@type\":\"ListItem\",\"position\":2,\"name\":\"Produse\",\"item\":\"https:\/\/www.thebluerenaissance.earth\/ro\/shop\/\"},{\"@type\":\"ListItem\",\"position\":3,\"name\":\"100% Afine Deshidratate Certificate Organic &#8211; 100g\"}]},{\"@type\":\"WebSite\",\"@id\":\"https:\/\/www.thebluerenaissance.earth\/ro\/#website\",\"url\":\"https:\/\/www.thebluerenaissance.earth\/ro\/\",\"name\":\"The Blue Renaissance\",\"description\":\"100% Organic Blueberry Juice\",\"publisher\":{\"@id\":\"https:\/\/www.thebluerenaissance.earth\/ro\/#organization\"},\"inLanguage\":\"ro-RO\"},{\"@type\":\"Organization\",\"@id\":\"https:\/\/www.thebluerenaissance.earth\/ro\/#organization\",\"name\":\"The Blue Renaissance\",\"url\":\"https:\/\/www.thebluerenaissance.earth\/ro\/\",\"logo\":{\"@type\":\"ImageObject\",\"inLanguage\":\"ro-RO\",\"@id\":\"https:\/\/www.thebluerenaissance.earth\/ro\/#\/schema\/logo\/image\/\",\"url\":\"https:\/\/www.thebluerenaissance.earth\/wp-content\/uploads\/2023\/03\/logo-blue.svg\",\"contentUrl\":\"https:\/\/www.thebluerenaissance.earth\/wp-content\/uploads\/2023\/03\/logo-blue.svg\",\"width\":109,\"height\":118,\"caption\":\"The Blue Renaissance\"},\"image\":{\"@id\":\"https:\/\/www.thebluerenaissance.earth\/ro\/#\/schema\/logo\/image\/\"},\"sameAs\":[\"https:\/\/www.facebook.com\/thebluerenaissance\",\"https:\/\/www.instagram.com\/thebluerenaissance\/\"]}]}<\/script>\n<!-- \/ Yoast SEO plugin. -->","yoast_head_json":{"title":"100% Afine Deshidratate Certificate Organic - 100g - The Blue Renaissance","description":"Lu\u0103m afine \u00eentregi - Coville si Blue-Jay, le proces\u0103m lent timp de 48 de ore pentru a p\u0103stra calit\u0103\u021bile nutritive \u0219i gustul delicios.","robots":{"index":"index","follow":"follow","max-snippet":"max-snippet:-1","max-image-preview":"max-image-preview:large","max-video-preview":"max-video-preview:-1"},"canonical":"https:\/\/www.thebluerenaissance.earth\/ro\/produs\/100-afine-deshidratate-certificate-organic\/","og_locale":"ro_RO","og_type":"article","og_title":"100% Afine Deshidratate Certificate Organic - 100g - The Blue Renaissance","og_description":"Lu\u0103m afine \u00eentregi - Coville si Blue-Jay, le proces\u0103m lent timp de 48 de ore pentru a p\u0103stra calit\u0103\u021bile nutritive \u0219i gustul delicios.","og_url":"https:\/\/www.thebluerenaissance.earth\/ro\/produs\/100-afine-deshidratate-certificate-organic\/","og_site_name":"The Blue Renaissance","article_publisher":"https:\/\/www.facebook.com\/thebluerenaissance","article_modified_time":"2023-11-07T16:36:53+00:00","og_image":[{"width":1024,"height":754,"url":"https:\/\/www.thebluerenaissance.earth\/wp-content\/uploads\/2021\/06\/Dehydrated-mock-up-white-background--1024x754.png","type":"image\/png"}],"twitter_card":"summary_large_image","twitter_misc":{"Timp estimat pentru citire":"1 minut"},"schema":{"@context":"https:\/\/schema.org","@graph":[{"@type":"WebPage","@id":"https:\/\/www.thebluerenaissance.earth\/ro\/produs\/100-afine-deshidratate-certificate-organic\/","url":"https:\/\/www.thebluerenaissance.earth\/ro\/produs\/100-afine-deshidratate-certificate-organic\/","name":"100% Afine Deshidratate Certificate Organic - 100g - The Blue Renaissance","isPartOf":{"@id":"https:\/\/www.thebluerenaissance.earth\/ro\/#website"},"primaryImageOfPage":{"@id":"https:\/\/www.thebluerenaissance.earth\/ro\/produs\/100-afine-deshidratate-certificate-organic\/#primaryimage"},"image":{"@id":"https:\/\/www.thebluerenaissance.earth\/ro\/produs\/100-afine-deshidratate-certificate-organic\/#primaryimage"},"thumbnailUrl":"https:\/\/www.thebluerenaissance.earth\/wp-content\/uploads\/2021\/06\/Dehydrated-mock-up-white-background-.jpg","datePublished":"2021-06-19T01:26:31+00:00","dateModified":"2023-11-07T16:36:53+00:00","description":"Lu\u0103m afine \u00eentregi - Coville si Blue-Jay, le proces\u0103m lent timp de 48 de ore pentru a p\u0103stra calit\u0103\u021bile nutritive \u0219i gustul delicios.","breadcrumb":{"@id":"https:\/\/www.thebluerenaissance.earth\/ro\/produs\/100-afine-deshidratate-certificate-organic\/#breadcrumb"},"inLanguage":"ro-RO","potentialAction":[{"@type":"ReadAction","target":["https:\/\/www.thebluerenaissance.earth\/ro\/produs\/100-afine-deshidratate-certificate-organic\/"]}]},{"@type":"ImageObject","inLanguage":"ro-RO","@id":"https:\/\/www.thebluerenaissance.earth\/ro\/produs\/100-afine-deshidratate-certificate-organic\/#primaryimage","url":"https:\/\/www.thebluerenaissance.earth\/wp-content\/uploads\/2021\/06\/Dehydrated-mock-up-white-background-.jpg","contentUrl":"https:\/\/www.thebluerenaissance.earth\/wp-content\/uploads\/2021\/06\/Dehydrated-mock-up-white-background-.jpg","width":1898,"height":1398},{"@type":"BreadcrumbList","@id":"https:\/\/www.thebluerenaissance.earth\/ro\/produs\/100-afine-deshidratate-certificate-organic\/#breadcrumb","itemListElement":[{"@type":"ListItem","position":1,"name":"Home","item":"https:\/\/www.thebluerenaissance.earth\/ro\/"},{"@type":"ListItem","position":2,"name":"Produse","item":"https:\/\/www.thebluerenaissance.earth\/ro\/shop\/"},{"@type":"ListItem","position":3,"name":"100% Afine Deshidratate Certificate Organic &#8211; 100g"}]},{"@type":"WebSite","@id":"https:\/\/www.thebluerenaissance.earth\/ro\/#website","url":"https:\/\/www.thebluerenaissance.earth\/ro\/","name":"The Blue Renaissance","description":"100% Organic Blueberry Juice","publisher":{"@id":"https:\/\/www.thebluerenaissance.earth\/ro\/#organization"},"inLanguage":"ro-RO"},{"@type":"Organization","@id":"https:\/\/www.thebluerenaissance.earth\/ro\/#organization","name":"The Blue Renaissance","url":"https:\/\/www.thebluerenaissance.earth\/ro\/","logo":{"@type":"ImageObject","inLanguage":"ro-RO","@id":"https:\/\/www.thebluerenaissance.earth\/ro\/#\/schema\/logo\/image\/","url":"https:\/\/www.thebluerenaissance.earth\/wp-content\/uploads\/2023\/03\/logo-blue.svg","contentUrl":"https:\/\/www.thebluerenaissance.earth\/wp-content\/uploads\/2023\/03\/logo-blue.svg","width":109,"height":118,"caption":"The Blue Renaissance"},"image":{"@id":"https:\/\/www.thebluerenaissance.earth\/ro\/#\/schema\/logo\/image\/"},"sameAs":["https:\/\/www.facebook.com\/thebluerenaissance","https:\/\/www.instagram.com\/thebluerenaissance\/"]}]}},"_links":{"self":[{"href":"https:\/\/www.thebluerenaissance.earth\/ro\/wp-json\/wp\/v2\/product\/353"}],"collection":[{"href":"https:\/\/www.thebluerenaissance.earth\/ro\/wp-json\/wp\/v2\/product"}],"about":[{"href":"https:\/\/www.thebluerenaissance.earth\/ro\/wp-json\/wp\/v2\/types\/product"}],"wp:featuredmedia":[{"embeddable":true,"href":"https:\/\/www.thebluerenaissance.earth\/ro\/wp-json\/wp\/v2\/media\/3177"}],"wp:attachment":[{"href":"https:\/\/www.thebluerenaissance.earth\/ro\/wp-json\/wp\/v2\/media?parent=353"}],"wp:term":[{"taxonomy":"product_cat","embeddable":true,"href":"https:\/\/www.thebluerenaissance.earth\/ro\/wp-json\/wp\/v2\/product_cat?post=353"},{"taxonomy":"product_tag","embeddable":true,"href":"https:\/\/www.thebluerenaissance.earth\/ro\/wp-json\/wp\/v2\/product_tag?post=353"}],"curies":[{"name":"wp","href":"https:\/\/api.w.org\/{rel}","templated":true}]}}