{"id":3072,"date":"2023-03-16T23:10:55","date_gmt":"2023-03-16T23:10:55","guid":{"rendered":"https:\/\/thebluerenaissance.staging.nvt.agency\/homepage-revamp\/"},"modified":"2023-11-27T16:21:27","modified_gmt":"2023-11-27T16:21:27","slug":"homepage-revamp","status":"publish","type":"page","link":"https:\/\/www.thebluerenaissance.earth\/ro\/","title":{"rendered":"Homepage revamp"},"content":{"rendered":"","protected":false},"excerpt":{"rendered":"","protected":false},"author":1,"featured_media":3183,"parent":0,"menu_order":0,"comment_status":"closed","ping_status":"closed","template":"views\/template-homepage-v2.blade.php","meta":{"footnotes":""},"acf":[],"yoast_head":"<!-- This site is optimized with the Yoast SEO plugin v22.3 - https:\/\/yoast.com\/wordpress\/plugins\/seo\/ -->\n<title>Produse Organice 100% din Afine - The Blue Renaissance<\/title>\n<meta name=\"description\" content=\"Descoper\u0103 sucurile noastre 100% organice din afine. F\u0103r\u0103 ap\u0103 ad\u0103ugat\u0103, f\u0103r\u0103 zah\u0103r. Simplu, pur \u0219i delicios. Comand\u0103 acum!\" \/>\n<meta name=\"robots\" content=\"index, follow, max-snippet:-1, max-image-preview:large, max-video-preview:-1\" \/>\n<link rel=\"canonical\" href=\"https:\/\/www.thebluerenaissance.earth\/ro\/\" \/>\n<meta property=\"og:locale\" content=\"ro_RO\" \/>\n<meta property=\"og:type\" content=\"article\" \/>\n<meta property=\"og:title\" content=\"Produse Organice 100% din Afine - The Blue Renaissance\" \/>\n<meta property=\"og:description\" content=\"Descoper\u0103 sucurile noastre 100% organice din afine. F\u0103r\u0103 ap\u0103 ad\u0103ugat\u0103, f\u0103r\u0103 zah\u0103r. Simplu, pur \u0219i delicios. Comand\u0103 acum!\" \/>\n<meta property=\"og:url\" content=\"https:\/\/www.thebluerenaissance.earth\/ro\/\" \/>\n<meta property=\"og:site_name\" content=\"The Blue Renaissance\" \/>\n<meta property=\"article:publisher\" content=\"https:\/\/www.facebook.com\/thebluerenaissance\" \/>\n<meta property=\"article:modified_time\" content=\"2023-11-27T16:21:27+00:00\" \/>\n<meta property=\"og:image\" content=\"https:\/\/www.thebluerenaissance.earth\/wp-content\/uploads\/2023\/03\/WhatsApp-Image-2023-03-18-at-08.16.33.jpeg\" \/>\n\t<meta property=\"og:image:width\" content=\"1366\" \/>\n\t<meta property=\"og:image:height\" content=\"2048\" \/>\n\t<meta property=\"og:image:type\" content=\"image\/jpeg\" \/>\n<meta name=\"twitter:card\" content=\"summary_large_image\" \/>\n<script type=\"application\/ld+json\" class=\"yoast-schema-graph\">{\"@context\":\"https:\/\/schema.org\",\"@graph\":[{\"@type\":\"WebPage\",\"@id\":\"https:\/\/www.thebluerenaissance.earth\/ro\/\",\"url\":\"https:\/\/www.thebluerenaissance.earth\/ro\/\",\"name\":\"Produse Organice 100% din Afine - The Blue Renaissance\",\"isPartOf\":{\"@id\":\"https:\/\/www.thebluerenaissance.earth\/ro\/#website\"},\"primaryImageOfPage\":{\"@id\":\"https:\/\/www.thebluerenaissance.earth\/ro\/#primaryimage\"},\"image\":{\"@id\":\"https:\/\/www.thebluerenaissance.earth\/ro\/#primaryimage\"},\"thumbnailUrl\":\"https:\/\/www.thebluerenaissance.earth\/wp-content\/uploads\/2023\/03\/WhatsApp-Image-2023-03-18-at-08.16.33.jpeg\",\"datePublished\":\"2023-03-16T23:10:55+00:00\",\"dateModified\":\"2023-11-27T16:21:27+00:00\",\"description\":\"Descoper\u0103 sucurile noastre 100% organice din afine. F\u0103r\u0103 ap\u0103 ad\u0103ugat\u0103, f\u0103r\u0103 zah\u0103r. Simplu, pur \u0219i delicios. Comand\u0103 acum!\",\"breadcrumb\":{\"@id\":\"https:\/\/www.thebluerenaissance.earth\/ro\/#breadcrumb\"},\"inLanguage\":\"ro-RO\",\"potentialAction\":[{\"@type\":\"ReadAction\",\"target\":[\"https:\/\/www.thebluerenaissance.earth\/ro\/\"]}]},{\"@type\":\"ImageObject\",\"inLanguage\":\"ro-RO\",\"@id\":\"https:\/\/www.thebluerenaissance.earth\/ro\/#primaryimage\",\"url\":\"https:\/\/www.thebluerenaissance.earth\/wp-content\/uploads\/2023\/03\/WhatsApp-Image-2023-03-18-at-08.16.33.jpeg\",\"contentUrl\":\"https:\/\/www.thebluerenaissance.earth\/wp-content\/uploads\/2023\/03\/WhatsApp-Image-2023-03-18-at-08.16.33.jpeg\",\"width\":1366,\"height\":2048},{\"@type\":\"BreadcrumbList\",\"@id\":\"https:\/\/www.thebluerenaissance.earth\/ro\/#breadcrumb\",\"itemListElement\":[{\"@type\":\"ListItem\",\"position\":1,\"name\":\"Home\",\"item\":\"https:\/\/www.thebluerenaissance.earth\/ro\/\"},{\"@type\":\"ListItem\",\"position\":2,\"name\":\"Homepage revamp\"}]},{\"@type\":\"WebSite\",\"@id\":\"https:\/\/www.thebluerenaissance.earth\/ro\/#website\",\"url\":\"https:\/\/www.thebluerenaissance.earth\/ro\/\",\"name\":\"The Blue Renaissance\",\"description\":\"100% Organic Blueberry Juice\",\"publisher\":{\"@id\":\"https:\/\/www.thebluerenaissance.earth\/ro\/#organization\"},\"inLanguage\":\"ro-RO\"},{\"@type\":\"Organization\",\"@id\":\"https:\/\/www.thebluerenaissance.earth\/ro\/#organization\",\"name\":\"The Blue Renaissance\",\"url\":\"https:\/\/www.thebluerenaissance.earth\/ro\/\",\"logo\":{\"@type\":\"ImageObject\",\"inLanguage\":\"ro-RO\",\"@id\":\"https:\/\/www.thebluerenaissance.earth\/ro\/#\/schema\/logo\/image\/\",\"url\":\"https:\/\/www.thebluerenaissance.earth\/wp-content\/uploads\/2023\/03\/logo-blue.svg\",\"contentUrl\":\"https:\/\/www.thebluerenaissance.earth\/wp-content\/uploads\/2023\/03\/logo-blue.svg\",\"width\":109,\"height\":118,\"caption\":\"The Blue Renaissance\"},\"image\":{\"@id\":\"https:\/\/www.thebluerenaissance.earth\/ro\/#\/schema\/logo\/image\/\"},\"sameAs\":[\"https:\/\/www.facebook.com\/thebluerenaissance\",\"https:\/\/www.instagram.com\/thebluerenaissance\/\"]}]}<\/script>\n<!-- \/ Yoast SEO plugin. -->","yoast_head_json":{"title":"Produse Organice 100% din Afine - The Blue Renaissance","description":"Descoper\u0103 sucurile noastre 100% organice din afine. F\u0103r\u0103 ap\u0103 ad\u0103ugat\u0103, f\u0103r\u0103 zah\u0103r. Simplu, pur \u0219i delicios. Comand\u0103 acum!","robots":{"index":"index","follow":"follow","max-snippet":"max-snippet:-1","max-image-preview":"max-image-preview:large","max-video-preview":"max-video-preview:-1"},"canonical":"https:\/\/www.thebluerenaissance.earth\/ro\/","og_locale":"ro_RO","og_type":"article","og_title":"Produse Organice 100% din Afine - The Blue Renaissance","og_description":"Descoper\u0103 sucurile noastre 100% organice din afine. F\u0103r\u0103 ap\u0103 ad\u0103ugat\u0103, f\u0103r\u0103 zah\u0103r. Simplu, pur \u0219i delicios. Comand\u0103 acum!","og_url":"https:\/\/www.thebluerenaissance.earth\/ro\/","og_site_name":"The Blue Renaissance","article_publisher":"https:\/\/www.facebook.com\/thebluerenaissance","article_modified_time":"2023-11-27T16:21:27+00:00","og_image":[{"width":1366,"height":2048,"url":"https:\/\/www.thebluerenaissance.earth\/wp-content\/uploads\/2023\/03\/WhatsApp-Image-2023-03-18-at-08.16.33.jpeg","type":"image\/jpeg"}],"twitter_card":"summary_large_image","schema":{"@context":"https:\/\/schema.org","@graph":[{"@type":"WebPage","@id":"https:\/\/www.thebluerenaissance.earth\/ro\/","url":"https:\/\/www.thebluerenaissance.earth\/ro\/","name":"Produse Organice 100% din Afine - The Blue Renaissance","isPartOf":{"@id":"https:\/\/www.thebluerenaissance.earth\/ro\/#website"},"primaryImageOfPage":{"@id":"https:\/\/www.thebluerenaissance.earth\/ro\/#primaryimage"},"image":{"@id":"https:\/\/www.thebluerenaissance.earth\/ro\/#primaryimage"},"thumbnailUrl":"https:\/\/www.thebluerenaissance.earth\/wp-content\/uploads\/2023\/03\/WhatsApp-Image-2023-03-18-at-08.16.33.jpeg","datePublished":"2023-03-16T23:10:55+00:00","dateModified":"2023-11-27T16:21:27+00:00","description":"Descoper\u0103 sucurile noastre 100% organice din afine. F\u0103r\u0103 ap\u0103 ad\u0103ugat\u0103, f\u0103r\u0103 zah\u0103r. Simplu, pur \u0219i delicios. Comand\u0103 acum!","breadcrumb":{"@id":"https:\/\/www.thebluerenaissance.earth\/ro\/#breadcrumb"},"inLanguage":"ro-RO","potentialAction":[{"@type":"ReadAction","target":["https:\/\/www.thebluerenaissance.earth\/ro\/"]}]},{"@type":"ImageObject","inLanguage":"ro-RO","@id":"https:\/\/www.thebluerenaissance.earth\/ro\/#primaryimage","url":"https:\/\/www.thebluerenaissance.earth\/wp-content\/uploads\/2023\/03\/WhatsApp-Image-2023-03-18-at-08.16.33.jpeg","contentUrl":"https:\/\/www.thebluerenaissance.earth\/wp-content\/uploads\/2023\/03\/WhatsApp-Image-2023-03-18-at-08.16.33.jpeg","width":1366,"height":2048},{"@type":"BreadcrumbList","@id":"https:\/\/www.thebluerenaissance.earth\/ro\/#breadcrumb","itemListElement":[{"@type":"ListItem","position":1,"name":"Home","item":"https:\/\/www.thebluerenaissance.earth\/ro\/"},{"@type":"ListItem","position":2,"name":"Homepage revamp"}]},{"@type":"WebSite","@id":"https:\/\/www.thebluerenaissance.earth\/ro\/#website","url":"https:\/\/www.thebluerenaissance.earth\/ro\/","name":"The Blue Renaissance","description":"100% Organic Blueberry Juice","publisher":{"@id":"https:\/\/www.thebluerenaissance.earth\/ro\/#organization"},"inLanguage":"ro-RO"},{"@type":"Organization","@id":"https:\/\/www.thebluerenaissance.earth\/ro\/#organization","name":"The Blue Renaissance","url":"https:\/\/www.thebluerenaissance.earth\/ro\/","logo":{"@type":"ImageObject","inLanguage":"ro-RO","@id":"https:\/\/www.thebluerenaissance.earth\/ro\/#\/schema\/logo\/image\/","url":"https:\/\/www.thebluerenaissance.earth\/wp-content\/uploads\/2023\/03\/logo-blue.svg","contentUrl":"https:\/\/www.thebluerenaissance.earth\/wp-content\/uploads\/2023\/03\/logo-blue.svg","width":109,"height":118,"caption":"The Blue Renaissance"},"image":{"@id":"https:\/\/www.thebluerenaissance.earth\/ro\/#\/schema\/logo\/image\/"},"sameAs":["https:\/\/www.facebook.com\/thebluerenaissance","https:\/\/www.instagram.com\/thebluerenaissance\/"]}]}},"_links":{"self":[{"href":"https:\/\/www.thebluerenaissance.earth\/ro\/wp-json\/wp\/v2\/pages\/3072"}],"collection":[{"href":"https:\/\/www.thebluerenaissance.earth\/ro\/wp-json\/wp\/v2\/pages"}],"about":[{"href":"https:\/\/www.thebluerenaissance.earth\/ro\/wp-json\/wp\/v2\/types\/page"}],"author":[{"embeddable":true,"href":"https:\/\/www.thebluerenaissance.earth\/ro\/wp-json\/wp\/v2\/users\/1"}],"replies":[{"embeddable":true,"href":"https:\/\/www.thebluerenaissance.earth\/ro\/wp-json\/wp\/v2\/comments?post=3072"}],"version-history":[{"count":0,"href":"https:\/\/www.thebluerenaissance.earth\/ro\/wp-json\/wp\/v2\/pages\/3072\/revisions"}],"wp:featuredmedia":[{"embeddable":true,"href":"https:\/\/www.thebluerenaissance.earth\/ro\/wp-json\/wp\/v2\/media\/3183"}],"wp:attachment":[{"href":"https:\/\/www.thebluerenaissance.earth\/ro\/wp-json\/wp\/v2\/media?parent=3072"}],"curies":[{"name":"wp","href":"https:\/\/api.w.org\/{rel}","templated":true}]}}